{"id":7150,"date":"2024-05-22T10:48:28","date_gmt":"2024-05-22T08:48:28","guid":{"rendered":"https:\/\/schneeberger-consulting.at\/?page_id=7150"},"modified":"2025-09-08T12:16:32","modified_gmt":"2025-09-08T10:16:32","slug":"impressum","status":"publish","type":"page","link":"https:\/\/schneeberger-consulting.at\/en\/impressum\/","title":{"rendered":"Impressum"},"content":{"rendered":"<div data-elementor-type=\"wp-page\" data-elementor-id=\"7150\" class=\"elementor elementor-7150\" data-elementor-post-type=\"page\">\n\t\t\t\t<div class=\"elementor-element elementor-element-83ff0c5 e-flex e-con-boxed e-con e-parent\" data-id=\"83ff0c5\" data-element_type=\"container\">\n\t\t\t\t\t<div class=\"e-con-inner\">\n\t\t\t\t<div class=\"elementor-element elementor-element-f54da89 elementor-widget elementor-widget-spacer\" data-id=\"f54da89\" data-element_type=\"widget\" data-widget_type=\"spacer.default\">\n\t\t\t\t<div class=\"elementor-widget-container\">\n\t\t\t\t\t\t\t<div class=\"elementor-spacer\">\n\t\t\t<div class=\"elementor-spacer-inner\"><\/div>\n\t\t<\/div>\n\t\t\t\t\t\t<\/div>\n\t\t\t\t<\/div>\n\t\t\t\t<div class=\"elementor-element elementor-element-1569950 elementor-widget elementor-widget-heading\" data-id=\"1569950\" data-element_type=\"widget\" data-widget_type=\"heading.default\">\n\t\t\t\t<div class=\"elementor-widget-container\">\n\t\t\t\t\t<h2 class=\"elementor-heading-title elementor-size-default\">IMPRESSUM<\/h2>\t\t\t\t<\/div>\n\t\t\t\t<\/div>\n\t\t\t\t<div class=\"elementor-element elementor-element-0f1e654 elementor-widget elementor-widget-spacer\" data-id=\"0f1e654\" data-element_type=\"widget\" data-widget_type=\"spacer.default\">\n\t\t\t\t<div class=\"elementor-widget-container\">\n\t\t\t\t\t\t\t<div class=\"elementor-spacer\">\n\t\t\t<div class=\"elementor-spacer-inner\"><\/div>\n\t\t<\/div>\n\t\t\t\t\t\t<\/div>\n\t\t\t\t<\/div>\n\t\t\t\t\t<\/div>\n\t\t\t\t<\/div>\n\t\t<div class=\"elementor-element elementor-element-ffe386e e-flex e-con-boxed e-con e-parent\" data-id=\"ffe386e\" data-element_type=\"container\">\n\t\t\t\t\t<div class=\"e-con-inner\">\n\t\t\t\t<div class=\"elementor-element elementor-element-fb5275f elementor-widget elementor-widget-text-editor\" data-id=\"fb5275f\" data-element_type=\"widget\" data-widget_type=\"text-editor.default\">\n\t\t\t\t<div class=\"elementor-widget-container\">\n\t\t\t\t\t\t\t\t\t<p><strong>Name und Anschrift<\/strong><\/p><p>Daniel Schneeberger, MSc<br \/>Grazer Stra\u00dfe 62b<br \/>8680 M\u00fcrzzuschlag<\/p><p>oder<\/p><div class=\"street\" data-nosnippet=\"true\">Feldkirchner Stra\u00dfe 11-15, Top 2<\/div><div class=\"place\"><p>8054\u00a0Seiersberg-Pirka<\/p><\/div><p><strong>Kontaktdaten<\/strong><br \/>Tel.: +43 660 4270722<br \/>E-Mail: office@schneeberger-consulting.at<\/p><p><strong>GLN-Nummer<\/strong><br \/>GLN 9110033854721<\/p><p><strong>Betreiber der Website, Medieninhaber und Herausgeber<\/strong><br \/>Daniel Schneeberger<\/p><p><strong>Berufsbezeichnung<\/strong><br \/>\u2022 \u00a0Gewerbliche Verm\u00f6gensberatung mit den Berechtigungen nach \u00a7 1 Z 44 WAG 2018 als vertraglich gebundener Vermittler und zur Vermittlung von Lebens- und Unfallversicherungen in der Form Versicherungsagent (GISA 37430818)<br \/>\u2022 \u00a0Versicherungsvermittlung in der Form Versicherungsagent (GISA 36084524)<\/p><p><strong>Berechtigung zu T\u00e4tigkeiten<\/strong><br \/>Staatlich gepr\u00fcft. Pr\u00fcfung abgelegt in \u00d6sterreich.<\/p><p><strong>Aufsichtsbeh\u00f6rde\/Gewerbebeh\u00f6rde<\/strong><br \/>Bezirkshauptmannschaft Bruck-M\u00fcrzzuschlag<\/p><p><strong>Mitgliedschaften und Berufsrecht<\/strong><br \/>Daniel Schneeberger ist Mitglied der WK\u00d6<br \/>www.ris.bka.gv.at<br \/>Gewerbeordnung<\/p><p><strong>Streitbeilegung<\/strong><br \/>Verbraucher haben die M\u00f6glichkeit, Beschwerden an die Online-<br \/>Streitbeilegungsplattform der EU zu richten: http:\/\/ec.europa.eu\/odr .<br \/>Sie k\u00f6nnen allf\u00e4llige Beschwerde auch an die oben angegebene E-Mail-<br \/>Adresse richten.<\/p>\t\t\t\t\t\t\t\t<\/div>\n\t\t\t\t<\/div>\n\t\t\t\t\t<\/div>\n\t\t\t\t<\/div>\n\t\t\t\t<\/div>","protected":false},"excerpt":{"rendered":"<p>IMPRESSUM Name und Anschrift Daniel Schneeberger, MScGrazer Stra\u00dfe 62b8680 M\u00fcrzzuschlag oder Feldkirchner Stra\u00dfe 11-15, Top 2 8054\u00a0Seiersberg-Pirka KontaktdatenTel.: +43 660 4270722E-Mail: office@schneeberger-consulting.at GLN-NummerGLN 9110033854721 Betreiber der Website, Medieninhaber und HerausgeberDaniel Schneeberger Berufsbezeichnung\u2022 \u00a0Gewerbliche Verm\u00f6gensberatung mit den Berechtigungen nach \u00a7 1 Z 44 WAG 2018 als vertraglich gebundener Vermittler und zur Vermittlung von Lebens- und Unfallversicherungen [&hellip;]<\/p>","protected":false},"author":12,"featured_media":0,"parent":0,"menu_order":0,"comment_status":"closed","ping_status":"closed","template":"","meta":{"_acf_changed":false,"iawp_total_views":94,"footnotes":""},"class_list":["post-7150","page","type-page","status-publish","hentry"],"acf":[],"yoast_head":"<!-- This site is optimized with the Yoast SEO plugin v26.4 - https:\/\/yoast.com\/wordpress\/plugins\/seo\/ -->\n<title>Daniel Schneeberger - Impressum<\/title>\n<meta name=\"description\" content=\"Hier finden Sie alle wichtigen Informationen zu meinem Unternehmen.Erfahren Sie mehr \u00fcber die rechtliche Verantwortung und Kontaktm\u00f6glichkeiten.Finanzberatung in Wien, Wien und Umgebung \u2013 1100 Wien. Partner derFinanzfuchsgruppe.\" \/>\n<meta name=\"robots\" content=\"index, follow, max-snippet:-1, max-image-preview:large, max-video-preview:-1\" \/>\n<link rel=\"canonical\" href=\"https:\/\/schneeberger-consulting.at\/en\/impressum\/\" \/>\n<meta property=\"og:locale\" content=\"en_GB\" \/>\n<meta property=\"og:type\" content=\"article\" \/>\n<meta property=\"og:title\" content=\"Daniel Schneeberger - Impressum\" \/>\n<meta property=\"og:description\" content=\"Hier finden Sie alle wichtigen Informationen zu meinem Unternehmen.Erfahren Sie mehr \u00fcber die rechtliche Verantwortung und Kontaktm\u00f6glichkeiten.Finanzberatung in Wien, Wien und Umgebung \u2013 1100 Wien. Partner derFinanzfuchsgruppe.\" \/>\n<meta property=\"og:url\" content=\"https:\/\/schneeberger-consulting.at\/en\/impressum\/\" \/>\n<meta property=\"og:site_name\" content=\"Daniel Schneeberger\" \/>\n<meta property=\"article:modified_time\" content=\"2025-09-08T10:16:32+00:00\" \/>\n<meta name=\"twitter:card\" content=\"summary_large_image\" \/>\n<meta name=\"twitter:label1\" content=\"Estimated reading time\" \/>\n\t<meta name=\"twitter:data1\" content=\"1 minute\" \/>\n<script type=\"application\/ld+json\" class=\"yoast-schema-graph\">{\"@context\":\"https:\/\/schema.org\",\"@graph\":[{\"@type\":\"WebPage\",\"@id\":\"https:\/\/schneeberger-consulting.at\/impressum\/\",\"url\":\"https:\/\/schneeberger-consulting.at\/impressum\/\",\"name\":\"Daniel Schneeberger - Impressum\",\"isPartOf\":{\"@id\":\"https:\/\/schneeberger-consulting.at\/#website\"},\"datePublished\":\"2024-05-22T08:48:28+00:00\",\"dateModified\":\"2025-09-08T10:16:32+00:00\",\"description\":\"Hier finden Sie alle wichtigen Informationen zu meinem Unternehmen.Erfahren Sie mehr \u00fcber die rechtliche Verantwortung und Kontaktm\u00f6glichkeiten.Finanzberatung in Wien, Wien und Umgebung \u2013 1100 Wien. Partner derFinanzfuchsgruppe.\",\"breadcrumb\":{\"@id\":\"https:\/\/schneeberger-consulting.at\/impressum\/#breadcrumb\"},\"inLanguage\":\"en-GB\",\"potentialAction\":[{\"@type\":\"ReadAction\",\"target\":[\"https:\/\/schneeberger-consulting.at\/impressum\/\"]}]},{\"@type\":\"BreadcrumbList\",\"@id\":\"https:\/\/schneeberger-consulting.at\/impressum\/#breadcrumb\",\"itemListElement\":[{\"@type\":\"ListItem\",\"position\":1,\"name\":\"Startseite\",\"item\":\"https:\/\/schneeberger-consulting.at\/\"},{\"@type\":\"ListItem\",\"position\":2,\"name\":\"Impressum\"}]},{\"@type\":\"WebSite\",\"@id\":\"https:\/\/schneeberger-consulting.at\/#website\",\"url\":\"https:\/\/schneeberger-consulting.at\/\",\"name\":\"Daniel Schneeberger\",\"description\":\"\",\"publisher\":{\"@id\":\"https:\/\/schneeberger-consulting.at\/#organization\"},\"potentialAction\":[{\"@type\":\"SearchAction\",\"target\":{\"@type\":\"EntryPoint\",\"urlTemplate\":\"https:\/\/schneeberger-consulting.at\/?s={search_term_string}\"},\"query-input\":{\"@type\":\"PropertyValueSpecification\",\"valueRequired\":true,\"valueName\":\"search_term_string\"}}],\"inLanguage\":\"en-GB\"},{\"@type\":\"Organization\",\"@id\":\"https:\/\/schneeberger-consulting.at\/#organization\",\"name\":\"Daniel Schneeberger\",\"url\":\"https:\/\/schneeberger-consulting.at\/\",\"logo\":{\"@type\":\"ImageObject\",\"inLanguage\":\"en-GB\",\"@id\":\"https:\/\/schneeberger-consulting.at\/#\/schema\/logo\/image\/\",\"url\":\"https:\/\/schneeberger-consulting.at\/wp-content\/uploads\/2024\/04\/Kopie-von-Victor-Paianu-e1753267057551.png\",\"contentUrl\":\"https:\/\/schneeberger-consulting.at\/wp-content\/uploads\/2024\/04\/Kopie-von-Victor-Paianu-e1753267057551.png\",\"width\":500,\"height\":77,\"caption\":\"Daniel Schneeberger\"},\"image\":{\"@id\":\"https:\/\/schneeberger-consulting.at\/#\/schema\/logo\/image\/\"}}]}<\/script>\n<!-- \/ Yoast SEO plugin. -->","yoast_head_json":{"title":"Daniel Schneeberger - Impressum","description":"Hier finden Sie alle wichtigen Informationen zu meinem Unternehmen.Erfahren Sie mehr \u00fcber die rechtliche Verantwortung und Kontaktm\u00f6glichkeiten.Finanzberatung in Wien, Wien und Umgebung \u2013 1100 Wien. Partner derFinanzfuchsgruppe.","robots":{"index":"index","follow":"follow","max-snippet":"max-snippet:-1","max-image-preview":"max-image-preview:large","max-video-preview":"max-video-preview:-1"},"canonical":"https:\/\/schneeberger-consulting.at\/en\/impressum\/","og_locale":"en_GB","og_type":"article","og_title":"Daniel Schneeberger - Impressum","og_description":"Hier finden Sie alle wichtigen Informationen zu meinem Unternehmen.Erfahren Sie mehr \u00fcber die rechtliche Verantwortung und Kontaktm\u00f6glichkeiten.Finanzberatung in Wien, Wien und Umgebung \u2013 1100 Wien. Partner derFinanzfuchsgruppe.","og_url":"https:\/\/schneeberger-consulting.at\/en\/impressum\/","og_site_name":"Daniel Schneeberger","article_modified_time":"2025-09-08T10:16:32+00:00","twitter_card":"summary_large_image","twitter_misc":{"Estimated reading time":"1 minute"},"schema":{"@context":"https:\/\/schema.org","@graph":[{"@type":"WebPage","@id":"https:\/\/schneeberger-consulting.at\/impressum\/","url":"https:\/\/schneeberger-consulting.at\/impressum\/","name":"Daniel Schneeberger - Impressum","isPartOf":{"@id":"https:\/\/schneeberger-consulting.at\/#website"},"datePublished":"2024-05-22T08:48:28+00:00","dateModified":"2025-09-08T10:16:32+00:00","description":"Hier finden Sie alle wichtigen Informationen zu meinem Unternehmen.Erfahren Sie mehr \u00fcber die rechtliche Verantwortung und Kontaktm\u00f6glichkeiten.Finanzberatung in Wien, Wien und Umgebung \u2013 1100 Wien. Partner derFinanzfuchsgruppe.","breadcrumb":{"@id":"https:\/\/schneeberger-consulting.at\/impressum\/#breadcrumb"},"inLanguage":"en-GB","potentialAction":[{"@type":"ReadAction","target":["https:\/\/schneeberger-consulting.at\/impressum\/"]}]},{"@type":"BreadcrumbList","@id":"https:\/\/schneeberger-consulting.at\/impressum\/#breadcrumb","itemListElement":[{"@type":"ListItem","position":1,"name":"Startseite","item":"https:\/\/schneeberger-consulting.at\/"},{"@type":"ListItem","position":2,"name":"Impressum"}]},{"@type":"WebSite","@id":"https:\/\/schneeberger-consulting.at\/#website","url":"https:\/\/schneeberger-consulting.at\/","name":"Daniel Schneeberger","description":"","publisher":{"@id":"https:\/\/schneeberger-consulting.at\/#organization"},"potentialAction":[{"@type":"SearchAction","target":{"@type":"EntryPoint","urlTemplate":"https:\/\/schneeberger-consulting.at\/?s={search_term_string}"},"query-input":{"@type":"PropertyValueSpecification","valueRequired":true,"valueName":"search_term_string"}}],"inLanguage":"en-GB"},{"@type":"Organization","@id":"https:\/\/schneeberger-consulting.at\/#organization","name":"Daniel Schneeberger","url":"https:\/\/schneeberger-consulting.at\/","logo":{"@type":"ImageObject","inLanguage":"en-GB","@id":"https:\/\/schneeberger-consulting.at\/#\/schema\/logo\/image\/","url":"https:\/\/schneeberger-consulting.at\/wp-content\/uploads\/2024\/04\/Kopie-von-Victor-Paianu-e1753267057551.png","contentUrl":"https:\/\/schneeberger-consulting.at\/wp-content\/uploads\/2024\/04\/Kopie-von-Victor-Paianu-e1753267057551.png","width":500,"height":77,"caption":"Daniel Schneeberger"},"image":{"@id":"https:\/\/schneeberger-consulting.at\/#\/schema\/logo\/image\/"}}]}},"_links":{"self":[{"href":"https:\/\/schneeberger-consulting.at\/en\/wp-json\/wp\/v2\/pages\/7150","targetHints":{"allow":["GET"]}}],"collection":[{"href":"https:\/\/schneeberger-consulting.at\/en\/wp-json\/wp\/v2\/pages"}],"about":[{"href":"https:\/\/schneeberger-consulting.at\/en\/wp-json\/wp\/v2\/types\/page"}],"author":[{"embeddable":true,"href":"https:\/\/schneeberger-consulting.at\/en\/wp-json\/wp\/v2\/users\/12"}],"replies":[{"embeddable":true,"href":"https:\/\/schneeberger-consulting.at\/en\/wp-json\/wp\/v2\/comments?post=7150"}],"version-history":[{"count":40,"href":"https:\/\/schneeberger-consulting.at\/en\/wp-json\/wp\/v2\/pages\/7150\/revisions"}],"predecessor-version":[{"id":9773,"href":"https:\/\/schneeberger-consulting.at\/en\/wp-json\/wp\/v2\/pages\/7150\/revisions\/9773"}],"wp:attachment":[{"href":"https:\/\/schneeberger-consulting.at\/en\/wp-json\/wp\/v2\/media?parent=7150"}],"curies":[{"name":"wp","href":"https:\/\/api.w.org\/{rel}","templated":true}]}}